{"id":2306,"date":"2022-03-09T17:47:32","date_gmt":"2022-03-09T16:47:32","guid":{"rendered":"https:\/\/jardinsdefalguiere.fr\/gallery\/"},"modified":"2022-05-19T20:31:21","modified_gmt":"2022-05-19T18:31:21","slug":"gallery","status":"publish","type":"page","link":"https:\/\/jardinsdefalguiere.fr\/en\/gallery\/","title":{"rendered":"Gallery"},"content":{"rendered":"\n[et_pb_section fb_built=&#8221;1&#8243; admin_label=&#8221;Section&#8221; _builder_version=&#8221;4.9.2&#8243; _module_preset=&#8221;default&#8221; use_background_color_gradient=&#8221;on&#8221; background_color_gradient_start=&#8221;rgba(0,0,0,0.2)&#8221; background_color_gradient_end=&#8221;rgba(0,0,0,0.2)&#8221; background_color_gradient_overlays_image=&#8221;on&#8221; background_image=&#8221;https:\/\/jardinsdefalguiere.fr\/wp-content\/uploads\/2022\/03\/jardins-falguiere-chambres-table-hote-gite-cevennes-meridionales-1.jpg&#8221; background_position=&#8221;bottom_center&#8221; background_enable_video_mp4=&#8221;off&#8221; height=&#8221;80vh&#8221; height_tablet=&#8221;70vh&#8221; height_phone=&#8221;50vh&#8221; height_last_edited=&#8221;on|phone&#8221; scroll_scaling_enable=&#8221;on&#8221; scroll_scaling=&#8221;0|50|50|100|110%|105%|100&#8243; locked=&#8221;off&#8221;][et_pb_row _builder_version=&#8221;4.9.0&#8243; _module_preset=&#8221;default&#8221; width_tablet=&#8221;&#8221; width_phone=&#8221;100%&#8221; width_last_edited=&#8221;on|phone&#8221; animation_style=&#8221;fade&#8221; animation_duration=&#8221;2000ms&#8221;][et_pb_column type=&#8221;4_4&#8243; _builder_version=&#8221;4.8.1&#8243; _module_preset=&#8221;default&#8221;][et_pb_text _builder_version=&#8221;4.9.2&#8243; _module_preset=&#8221;default&#8221; header_font=&#8221;Raleway||||||||&#8221; header_text_align=&#8221;center&#8221; header_text_color=&#8221;#FFFFFF&#8221; header_font_size=&#8221;35px&#8221; header_letter_spacing=&#8221;2px&#8221; header_2_font=&#8221;Great Vibes||||||||&#8221; header_2_text_align=&#8221;center&#8221; header_2_text_color=&#8221;#FFFFFF&#8221; header_2_font_size=&#8221;90px&#8221; header_2_line_height=&#8221;1.3em&#8221; custom_margin=&#8221;150px||||false|false&#8221; custom_margin_tablet=&#8221;80px||||false|false&#8221; custom_margin_phone=&#8221;30px||||false|false&#8221; custom_margin_last_edited=&#8221;on|phone&#8221; animation_style=&#8221;fade&#8221; animation_duration=&#8221;2500ms&#8221; header_font_size_tablet=&#8221;30px&#8221; header_font_size_phone=&#8221;20px&#8221; header_font_size_last_edited=&#8221;on|phone&#8221; header_line_height_tablet=&#8221;1.4em&#8221; header_line_height_phone=&#8221;1.5em&#8221; header_line_height_last_edited=&#8221;on|tablet&#8221; header_2_font_size_tablet=&#8221;70px&#8221; header_2_font_size_phone=&#8221;40px&#8221; header_2_font_size_last_edited=&#8221;on|phone&#8221;]<h2>Les Jardins de Falgui\u00e8re<\/h2>\r\n<h1>Gallery<\/h1>[\/et_pb_text][\/et_pb_column][\/et_pb_row][\/et_pb_section][et_pb_section fb_built=&#8221;1&#8243; _builder_version=&#8221;4.9.2&#8243; _module_preset=&#8221;default&#8221;][et_pb_row _builder_version=&#8221;4.9.2&#8243; _module_preset=&#8221;default&#8221; width_tablet=&#8221;90%&#8221; width_phone=&#8221;&#8221; width_last_edited=&#8221;on|phone&#8221;][et_pb_column type=&#8221;4_4&#8243; _builder_version=&#8221;4.9.2&#8243; _module_preset=&#8221;default&#8221;][et_pb_gallery gallery_ids=&#8221;2160,2162,2164,2166,2168,2170,2172,2174,2176,2178,2180,2182,2184,2186,2188,2190,2192,2194,2196,2198,2200,2244,2246,2248,2250,2252,2254,2256,2258,2260,2262,2264,2129&#8243; posts_number=&#8221;50&#8243; orientation=&#8221;portrait&#8221; show_title_and_caption=&#8221;off&#8221; show_pagination=&#8221;off&#8221; zoom_icon_color=&#8221;#315606&#8243; hover_overlay_color=&#8221;rgba(255,255,255,0.95)&#8221; hover_icon=&#8221;%%36%%&#8221; _builder_version=&#8221;4.9.2&#8243; _module_preset=&#8221;default&#8221; overflow-x=&#8221;hidden&#8221; overflow-y=&#8221;hidden&#8221; scroll_scaling=&#8221;0|50|50|100|110%|105%|100&#8243; hover_enabled=&#8221;0&#8243; custom_css_gallery_item=&#8221;margin: 0 !important;||padding: 25px;||clear:  none !important;||width:  33.3% !important;&#8221; border_radii_image=&#8221;off||||&#8221; border_color_left_image=&#8221;#315606&#8243; custom_css_gallery_item_last_edited=&#8221;on|phone&#8221; custom_css_gallery_item_tablet=&#8221;margin: 0 !important;||padding: 20px;||clear:  none !important;||width:  50% !important;&#8221; custom_css_gallery_item_phone=&#8221;margin: 0 !important;||padding: 10px;||clear:  none !important;||width:  50% !important;&#8221; sticky_enabled=&#8221;0&#8243;][\/et_pb_gallery][\/et_pb_column][\/et_pb_row][\/et_pb_section]\n","protected":false},"excerpt":{"rendered":"<p>Les Jardins de Falgui\u00e8re Gallery<\/p>\n","protected":false},"author":1,"featured_media":0,"parent":0,"menu_order":0,"comment_status":"closed","ping_status":"closed","template":"","meta":{"_et_pb_use_builder":"on","_et_pb_old_content":"","_et_gb_content_width":"","iawp_total_views":80,"footnotes":""},"class_list":["post-2306","page","type-page","status-publish","hentry"],"yoast_head":"<!-- This site is optimized with the Yoast SEO plugin v25.5 - https:\/\/yoast.com\/wordpress\/plugins\/seo\/ -->\n<title>Gallery - Les Jardins de Falgui\u00e8re | Bed and breakfast, gite in Southern C\u00e9vennes<\/title>\n<meta name=\"description\" content=\"Consult the photos of the interior and exterior of the Mas as well as the images of the nature which surrounds our guest house in the C\u00e9vennes.\" \/>\n<meta name=\"robots\" content=\"index, follow, max-snippet:-1, max-image-preview:large, max-video-preview:-1\" \/>\n<link rel=\"canonical\" href=\"https:\/\/jardinsdefalguiere.fr\/en\/gallery\/\" \/>\n<meta property=\"og:locale\" content=\"en_US\" \/>\n<meta property=\"og:type\" content=\"article\" \/>\n<meta property=\"og:title\" content=\"Gallery - Les Jardins de Falgui\u00e8re | Bed and breakfast, gite in Southern C\u00e9vennes\" \/>\n<meta property=\"og:description\" content=\"Consult the photos of the interior and exterior of the Mas as well as the images of the nature which surrounds our guest house in the C\u00e9vennes.\" \/>\n<meta property=\"og:url\" content=\"https:\/\/jardinsdefalguiere.fr\/en\/gallery\/\" \/>\n<meta property=\"og:site_name\" content=\"Les Jardins de Falgui\u00e8re | Maison d&#039;h\u00f4tes et G\u00eetes en C\u00e9vennes\" \/>\n<meta property=\"article:modified_time\" content=\"2022-05-19T18:31:21+00:00\" \/>\n<meta name=\"twitter:card\" content=\"summary_large_image\" \/>\n<meta name=\"twitter:label1\" content=\"Est. reading time\" \/>\n\t<meta name=\"twitter:data1\" content=\"2 minutes\" \/>\n<script type=\"application\/ld+json\" class=\"yoast-schema-graph\">{\"@context\":\"https:\/\/schema.org\",\"@graph\":[{\"@type\":\"WebPage\",\"@id\":\"https:\/\/jardinsdefalguiere.fr\/en\/gallery\/\",\"url\":\"https:\/\/jardinsdefalguiere.fr\/en\/gallery\/\",\"name\":\"Gallery - Les Jardins de Falgui\u00e8re | Bed and breakfast, gite in Southern C\u00e9vennes\",\"isPartOf\":{\"@id\":\"https:\/\/jardinsdefalguiere.fr\/#website\"},\"datePublished\":\"2022-03-09T16:47:32+00:00\",\"dateModified\":\"2022-05-19T18:31:21+00:00\",\"description\":\"Consult the photos of the interior and exterior of the Mas as well as the images of the nature which surrounds our guest house in the C\u00e9vennes.\",\"breadcrumb\":{\"@id\":\"https:\/\/jardinsdefalguiere.fr\/en\/gallery\/#breadcrumb\"},\"inLanguage\":\"en-US\",\"potentialAction\":[{\"@type\":\"ReadAction\",\"target\":[\"https:\/\/jardinsdefalguiere.fr\/en\/gallery\/\"]}]},{\"@type\":\"BreadcrumbList\",\"@id\":\"https:\/\/jardinsdefalguiere.fr\/en\/gallery\/#breadcrumb\",\"itemListElement\":[{\"@type\":\"ListItem\",\"position\":1,\"name\":\"Accueil\",\"item\":\"https:\/\/jardinsdefalguiere.fr\/en\/\"},{\"@type\":\"ListItem\",\"position\":2,\"name\":\"Gallery\"}]},{\"@type\":\"WebSite\",\"@id\":\"https:\/\/jardinsdefalguiere.fr\/#website\",\"url\":\"https:\/\/jardinsdefalguiere.fr\/\",\"name\":\"Les Jardins de Falgui\u00e8re | Maison d&#039;h\u00f4tes et G\u00eetes en C\u00e9vennes\",\"description\":\"\",\"potentialAction\":[{\"@type\":\"SearchAction\",\"target\":{\"@type\":\"EntryPoint\",\"urlTemplate\":\"https:\/\/jardinsdefalguiere.fr\/?s={search_term_string}\"},\"query-input\":{\"@type\":\"PropertyValueSpecification\",\"valueRequired\":true,\"valueName\":\"search_term_string\"}}],\"inLanguage\":\"en-US\"}]}<\/script>\n<!-- \/ Yoast SEO plugin. -->","yoast_head_json":{"title":"Gallery - Les Jardins de Falgui\u00e8re | Bed and breakfast, gite in Southern C\u00e9vennes","description":"Consult the photos of the interior and exterior of the Mas as well as the images of the nature which surrounds our guest house in the C\u00e9vennes.","robots":{"index":"index","follow":"follow","max-snippet":"max-snippet:-1","max-image-preview":"max-image-preview:large","max-video-preview":"max-video-preview:-1"},"canonical":"https:\/\/jardinsdefalguiere.fr\/en\/gallery\/","og_locale":"en_US","og_type":"article","og_title":"Gallery - Les Jardins de Falgui\u00e8re | Bed and breakfast, gite in Southern C\u00e9vennes","og_description":"Consult the photos of the interior and exterior of the Mas as well as the images of the nature which surrounds our guest house in the C\u00e9vennes.","og_url":"https:\/\/jardinsdefalguiere.fr\/en\/gallery\/","og_site_name":"Les Jardins de Falgui\u00e8re | Maison d&#039;h\u00f4tes et G\u00eetes en C\u00e9vennes","article_modified_time":"2022-05-19T18:31:21+00:00","twitter_card":"summary_large_image","twitter_misc":{"Est. reading time":"2 minutes"},"schema":{"@context":"https:\/\/schema.org","@graph":[{"@type":"WebPage","@id":"https:\/\/jardinsdefalguiere.fr\/en\/gallery\/","url":"https:\/\/jardinsdefalguiere.fr\/en\/gallery\/","name":"Gallery - Les Jardins de Falgui\u00e8re | Bed and breakfast, gite in Southern C\u00e9vennes","isPartOf":{"@id":"https:\/\/jardinsdefalguiere.fr\/#website"},"datePublished":"2022-03-09T16:47:32+00:00","dateModified":"2022-05-19T18:31:21+00:00","description":"Consult the photos of the interior and exterior of the Mas as well as the images of the nature which surrounds our guest house in the C\u00e9vennes.","breadcrumb":{"@id":"https:\/\/jardinsdefalguiere.fr\/en\/gallery\/#breadcrumb"},"inLanguage":"en-US","potentialAction":[{"@type":"ReadAction","target":["https:\/\/jardinsdefalguiere.fr\/en\/gallery\/"]}]},{"@type":"BreadcrumbList","@id":"https:\/\/jardinsdefalguiere.fr\/en\/gallery\/#breadcrumb","itemListElement":[{"@type":"ListItem","position":1,"name":"Accueil","item":"https:\/\/jardinsdefalguiere.fr\/en\/"},{"@type":"ListItem","position":2,"name":"Gallery"}]},{"@type":"WebSite","@id":"https:\/\/jardinsdefalguiere.fr\/#website","url":"https:\/\/jardinsdefalguiere.fr\/","name":"Les Jardins de Falgui\u00e8re | Maison d&#039;h\u00f4tes et G\u00eetes en C\u00e9vennes","description":"","potentialAction":[{"@type":"SearchAction","target":{"@type":"EntryPoint","urlTemplate":"https:\/\/jardinsdefalguiere.fr\/?s={search_term_string}"},"query-input":{"@type":"PropertyValueSpecification","valueRequired":true,"valueName":"search_term_string"}}],"inLanguage":"en-US"}]}},"_links":{"self":[{"href":"https:\/\/jardinsdefalguiere.fr\/en\/wp-json\/wp\/v2\/pages\/2306","targetHints":{"allow":["GET"]}}],"collection":[{"href":"https:\/\/jardinsdefalguiere.fr\/en\/wp-json\/wp\/v2\/pages"}],"about":[{"href":"https:\/\/jardinsdefalguiere.fr\/en\/wp-json\/wp\/v2\/types\/page"}],"author":[{"embeddable":true,"href":"https:\/\/jardinsdefalguiere.fr\/en\/wp-json\/wp\/v2\/users\/1"}],"replies":[{"embeddable":true,"href":"https:\/\/jardinsdefalguiere.fr\/en\/wp-json\/wp\/v2\/comments?post=2306"}],"version-history":[{"count":0,"href":"https:\/\/jardinsdefalguiere.fr\/en\/wp-json\/wp\/v2\/pages\/2306\/revisions"}],"wp:attachment":[{"href":"https:\/\/jardinsdefalguiere.fr\/en\/wp-json\/wp\/v2\/media?parent=2306"}],"curies":[{"name":"wp","href":"https:\/\/api.w.org\/{rel}","templated":true}]}}