{"id":1900,"date":"2021-03-23T19:26:24","date_gmt":"2021-03-23T18:26:24","guid":{"rendered":"https:\/\/jardinsdefalguiere.fr\/legal-notice\/"},"modified":"2021-03-23T19:26:24","modified_gmt":"2021-03-23T18:26:24","slug":"legal-notice","status":"publish","type":"page","link":"https:\/\/jardinsdefalguiere.fr\/en\/legal-notice\/","title":{"rendered":"Legal Notice"},"content":{"rendered":"<p>[et_pb_section fb_built=&#8221;1&#8243; _builder_version=&#8221;4.9.0&#8243; _module_preset=&#8221;default&#8221; background_image=&#8221;https:\/\/jardinsdefalguiere.fr\/wp-content\/uploads\/2021\/03\/jardin-falguieres-.jpg&#8221; background_enable_video_mp4=&#8221;off&#8221; height=&#8221;50vh&#8221; height_tablet=&#8221;70vh&#8221; height_phone=&#8221;50vh&#8221; height_last_edited=&#8221;on|phone&#8221; scroll_scaling_enable=&#8221;on&#8221; scroll_scaling=&#8221;0|50|50|100|110%|105%|100&#8243; locked=&#8221;off&#8221;][et_pb_row _builder_version=&#8221;4.8.1&#8243; _module_preset=&#8221;default&#8221; width_tablet=&#8221;&#8221; width_phone=&#8221;100%&#8221; width_last_edited=&#8221;on|phone&#8221;][et_pb_column type=&#8221;4_4&#8243; _builder_version=&#8221;4.8.1&#8243; _module_preset=&#8221;default&#8221;][et_pb_text _builder_version=&#8221;4.9.0&#8243; _module_preset=&#8221;default&#8221; header_font=&#8221;Raleway||||||||&#8221; header_text_align=&#8221;center&#8221; header_text_color=&#8221;#FFFFFF&#8221; header_font_size=&#8221;35px&#8221; header_letter_spacing=&#8221;2px&#8221; header_2_font=&#8221;Great Vibes||||||||&#8221; header_2_text_align=&#8221;center&#8221; header_2_text_color=&#8221;#FFFFFF&#8221; header_2_font_size=&#8221;90px&#8221; header_2_line_height=&#8221;1.3em&#8221; custom_margin=&#8221;150px||||false|false&#8221; custom_margin_tablet=&#8221;80px||||false|false&#8221; custom_margin_phone=&#8221;30px||||false|false&#8221; custom_margin_last_edited=&#8221;on|phone&#8221; animation_style=&#8221;fade&#8221; animation_duration=&#8221;2500ms&#8221; header_font_size_tablet=&#8221;30px&#8221; header_font_size_phone=&#8221;20px&#8221; header_font_size_last_edited=&#8221;on|phone&#8221; header_line_height_tablet=&#8221;1.4em&#8221; header_line_height_phone=&#8221;1.5em&#8221; header_line_height_last_edited=&#8221;on|tablet&#8221; header_2_font_size_tablet=&#8221;70px&#8221; header_2_font_size_phone=&#8221;40px&#8221; header_2_font_size_last_edited=&#8221;on|phone&#8221;]<\/p>\n<h2>Les Jardins de Falgui\u00e8re<\/h2>\n<h1>Legal Notice<\/h1>\n<p>[\/et_pb_text][\/et_pb_column][\/et_pb_row][\/et_pb_section][et_pb_section fb_built=&#8221;1&#8243; _builder_version=&#8221;4.9.0&#8243; _module_preset=&#8221;default&#8221;][et_pb_row _builder_version=&#8221;4.9.0&#8243; _module_preset=&#8221;default&#8221;][et_pb_column type=&#8221;4_4&#8243; _builder_version=&#8221;4.9.0&#8243; _module_preset=&#8221;default&#8221;][et_pb_text _builder_version=&#8221;4.9.0&#8243; _module_preset=&#8221;default&#8221; text_font=&#8221;Karla||||||||&#8221; text_text_color=&#8221;#000000&#8243; text_font_size=&#8221;15px&#8221; link_text_color=&#8221;#315606&#8243;]<\/p>\n<h2>Contact information:<\/h2>\n<p>SARL Les Jardins de Falgui\u00e8re<br \/>Hameau de Falgui\u00e8res<br \/>30270 Saint-Jean-du-Gard<\/p>\n<p>Phone. 06 35 93 92 47<br \/>mail: contact@jardinsdefalguiere.fr<\/p>\n<p>SIREN 891862849<\/p>\n<p>Director of publication and editorial management: Pascale PROST<\/p>\n<p>The site was created by: <a href=\"http:\/\/agencep.fr\/\" target=\"_blank\" rel=\"noopener noreferrer\">Agence P<\/a><\/p>\n<p>Site hosted by:<br \/>1 &amp; 1 IONOS SE<br \/>Elgendorfer Str. 57<br \/>56410 Montabaur<br \/>Germany<\/p>\n<p>SARL with capital of 100,000 EUR<br \/>RCS Sarreguemines B 431 303 775<br \/>SIRET 431 303 775 000 16<\/p>\n<p>APE code: 6201Z<br \/>Intra-community identification FR 13 431303775<\/p>\n<p>Address<br \/>1 &amp; 1 Internet SARL<br \/>7, place de la Gare<br \/>BP 70109<br \/>57201 Sarreguemines Cedex<\/p>\n<p>Website: www.1and1.fr<\/p>\n<p>Telephone: +49 (0) 721 170 555<\/p>\n<p>Intellectual property :<br \/>This entire site is subject to French and international legislation on copyright and intellectual property. All reproduction rights are reserved for texts and photographs on this site. Reproduction of all or part of this site on any electronic or other medium whatsoever is strictly prohibited without the written consent of the author, in accordance with Article L 122-4 of the Intellectual Property Code.<\/p>\n<p>[\/et_pb_text][\/et_pb_column][\/et_pb_row][\/et_pb_section]<\/p>\n","protected":false},"excerpt":{"rendered":"<p>Les Jardins de Falgui\u00e8re Legal NoticeContact information: SARL Les Jardins de Falgui\u00e8reHameau de Falgui\u00e8res30270 Saint-Jean-du-Gard Phone. 06 35 93 92 47mail: contact@jardinsdefalguiere.fr SIREN 891862849 Director of publication and editorial management: Pascale PROST The site was created by: Agence P Site hosted by:1 &amp; 1 IONOS SEElgendorfer Str. 5756410 MontabaurGermany SARL with capital of 100,000 EURRCS [&hellip;]<\/p>\n","protected":false},"author":1,"featured_media":0,"parent":0,"menu_order":0,"comment_status":"closed","ping_status":"closed","template":"","meta":{"_et_pb_use_builder":"on","_et_pb_old_content":"","_et_gb_content_width":"","iawp_total_views":17,"footnotes":""},"class_list":["post-1900","page","type-page","status-publish","hentry"],"yoast_head":"<!-- This site is optimized with the Yoast SEO plugin v25.5 - https:\/\/yoast.com\/wordpress\/plugins\/seo\/ -->\n<title>Legal Notice - Les Jardins de Falgui\u00e8re | Maison d&#039;h\u00f4tes et G\u00eetes en C\u00e9vennes<\/title>\n<meta name=\"robots\" content=\"index, follow, max-snippet:-1, max-image-preview:large, max-video-preview:-1\" \/>\n<link rel=\"canonical\" href=\"https:\/\/jardinsdefalguiere.fr\/en\/legal-notice\/\" \/>\n<meta property=\"og:locale\" content=\"en_US\" \/>\n<meta property=\"og:type\" content=\"article\" \/>\n<meta property=\"og:title\" content=\"Legal Notice - Les Jardins de Falgui\u00e8re | Maison d&#039;h\u00f4tes et G\u00eetes en C\u00e9vennes\" \/>\n<meta property=\"og:description\" content=\"Les Jardins de Falgui\u00e8re Legal NoticeContact information: SARL Les Jardins de Falgui\u00e8reHameau de Falgui\u00e8res30270 Saint-Jean-du-Gard Phone. 06 35 93 92 47mail: contact@jardinsdefalguiere.fr SIREN 891862849 Director of publication and editorial management: Pascale PROST The site was created by: Agence P Site hosted by:1 &amp; 1 IONOS SEElgendorfer Str. 5756410 MontabaurGermany SARL with capital of 100,000 EURRCS [&hellip;]\" \/>\n<meta property=\"og:url\" content=\"https:\/\/jardinsdefalguiere.fr\/en\/legal-notice\/\" \/>\n<meta property=\"og:site_name\" content=\"Les Jardins de Falgui\u00e8re | Maison d&#039;h\u00f4tes et G\u00eetes en C\u00e9vennes\" \/>\n<meta name=\"twitter:card\" content=\"summary_large_image\" \/>\n<meta name=\"twitter:label1\" content=\"Est. reading time\" \/>\n\t<meta name=\"twitter:data1\" content=\"2 minutes\" \/>\n<script type=\"application\/ld+json\" class=\"yoast-schema-graph\">{\"@context\":\"https:\/\/schema.org\",\"@graph\":[{\"@type\":\"WebPage\",\"@id\":\"https:\/\/jardinsdefalguiere.fr\/en\/legal-notice\/\",\"url\":\"https:\/\/jardinsdefalguiere.fr\/en\/legal-notice\/\",\"name\":\"Legal Notice - Les Jardins de Falgui\u00e8re | Maison d&#039;h\u00f4tes et G\u00eetes en C\u00e9vennes\",\"isPartOf\":{\"@id\":\"https:\/\/jardinsdefalguiere.fr\/#website\"},\"datePublished\":\"2021-03-23T18:26:24+00:00\",\"breadcrumb\":{\"@id\":\"https:\/\/jardinsdefalguiere.fr\/en\/legal-notice\/#breadcrumb\"},\"inLanguage\":\"en-US\",\"potentialAction\":[{\"@type\":\"ReadAction\",\"target\":[\"https:\/\/jardinsdefalguiere.fr\/en\/legal-notice\/\"]}]},{\"@type\":\"BreadcrumbList\",\"@id\":\"https:\/\/jardinsdefalguiere.fr\/en\/legal-notice\/#breadcrumb\",\"itemListElement\":[{\"@type\":\"ListItem\",\"position\":1,\"name\":\"Accueil\",\"item\":\"https:\/\/jardinsdefalguiere.fr\/en\/\"},{\"@type\":\"ListItem\",\"position\":2,\"name\":\"Legal Notice\"}]},{\"@type\":\"WebSite\",\"@id\":\"https:\/\/jardinsdefalguiere.fr\/#website\",\"url\":\"https:\/\/jardinsdefalguiere.fr\/\",\"name\":\"Les Jardins de Falgui\u00e8re | Maison d&#039;h\u00f4tes et G\u00eetes en C\u00e9vennes\",\"description\":\"\",\"potentialAction\":[{\"@type\":\"SearchAction\",\"target\":{\"@type\":\"EntryPoint\",\"urlTemplate\":\"https:\/\/jardinsdefalguiere.fr\/?s={search_term_string}\"},\"query-input\":{\"@type\":\"PropertyValueSpecification\",\"valueRequired\":true,\"valueName\":\"search_term_string\"}}],\"inLanguage\":\"en-US\"}]}<\/script>\n<!-- \/ Yoast SEO plugin. -->","yoast_head_json":{"title":"Legal Notice - Les Jardins de Falgui\u00e8re | Maison d&#039;h\u00f4tes et G\u00eetes en C\u00e9vennes","robots":{"index":"index","follow":"follow","max-snippet":"max-snippet:-1","max-image-preview":"max-image-preview:large","max-video-preview":"max-video-preview:-1"},"canonical":"https:\/\/jardinsdefalguiere.fr\/en\/legal-notice\/","og_locale":"en_US","og_type":"article","og_title":"Legal Notice - Les Jardins de Falgui\u00e8re | Maison d&#039;h\u00f4tes et G\u00eetes en C\u00e9vennes","og_description":"Les Jardins de Falgui\u00e8re Legal NoticeContact information: SARL Les Jardins de Falgui\u00e8reHameau de Falgui\u00e8res30270 Saint-Jean-du-Gard Phone. 06 35 93 92 47mail: contact@jardinsdefalguiere.fr SIREN 891862849 Director of publication and editorial management: Pascale PROST The site was created by: Agence P Site hosted by:1 &amp; 1 IONOS SEElgendorfer Str. 5756410 MontabaurGermany SARL with capital of 100,000 EURRCS [&hellip;]","og_url":"https:\/\/jardinsdefalguiere.fr\/en\/legal-notice\/","og_site_name":"Les Jardins de Falgui\u00e8re | Maison d&#039;h\u00f4tes et G\u00eetes en C\u00e9vennes","twitter_card":"summary_large_image","twitter_misc":{"Est. reading time":"2 minutes"},"schema":{"@context":"https:\/\/schema.org","@graph":[{"@type":"WebPage","@id":"https:\/\/jardinsdefalguiere.fr\/en\/legal-notice\/","url":"https:\/\/jardinsdefalguiere.fr\/en\/legal-notice\/","name":"Legal Notice - Les Jardins de Falgui\u00e8re | Maison d&#039;h\u00f4tes et G\u00eetes en C\u00e9vennes","isPartOf":{"@id":"https:\/\/jardinsdefalguiere.fr\/#website"},"datePublished":"2021-03-23T18:26:24+00:00","breadcrumb":{"@id":"https:\/\/jardinsdefalguiere.fr\/en\/legal-notice\/#breadcrumb"},"inLanguage":"en-US","potentialAction":[{"@type":"ReadAction","target":["https:\/\/jardinsdefalguiere.fr\/en\/legal-notice\/"]}]},{"@type":"BreadcrumbList","@id":"https:\/\/jardinsdefalguiere.fr\/en\/legal-notice\/#breadcrumb","itemListElement":[{"@type":"ListItem","position":1,"name":"Accueil","item":"https:\/\/jardinsdefalguiere.fr\/en\/"},{"@type":"ListItem","position":2,"name":"Legal Notice"}]},{"@type":"WebSite","@id":"https:\/\/jardinsdefalguiere.fr\/#website","url":"https:\/\/jardinsdefalguiere.fr\/","name":"Les Jardins de Falgui\u00e8re | Maison d&#039;h\u00f4tes et G\u00eetes en C\u00e9vennes","description":"","potentialAction":[{"@type":"SearchAction","target":{"@type":"EntryPoint","urlTemplate":"https:\/\/jardinsdefalguiere.fr\/?s={search_term_string}"},"query-input":{"@type":"PropertyValueSpecification","valueRequired":true,"valueName":"search_term_string"}}],"inLanguage":"en-US"}]}},"_links":{"self":[{"href":"https:\/\/jardinsdefalguiere.fr\/en\/wp-json\/wp\/v2\/pages\/1900","targetHints":{"allow":["GET"]}}],"collection":[{"href":"https:\/\/jardinsdefalguiere.fr\/en\/wp-json\/wp\/v2\/pages"}],"about":[{"href":"https:\/\/jardinsdefalguiere.fr\/en\/wp-json\/wp\/v2\/types\/page"}],"author":[{"embeddable":true,"href":"https:\/\/jardinsdefalguiere.fr\/en\/wp-json\/wp\/v2\/users\/1"}],"replies":[{"embeddable":true,"href":"https:\/\/jardinsdefalguiere.fr\/en\/wp-json\/wp\/v2\/comments?post=1900"}],"version-history":[{"count":0,"href":"https:\/\/jardinsdefalguiere.fr\/en\/wp-json\/wp\/v2\/pages\/1900\/revisions"}],"wp:attachment":[{"href":"https:\/\/jardinsdefalguiere.fr\/en\/wp-json\/wp\/v2\/media?parent=1900"}],"curies":[{"name":"wp","href":"https:\/\/api.w.org\/{rel}","templated":true}]}}