{"id":1869,"date":"2021-03-23T10:58:20","date_gmt":"2021-03-23T09:58:20","guid":{"rendered":"https:\/\/jardinsdefalguiere.fr\/privacy-policy\/"},"modified":"2021-03-25T12:23:23","modified_gmt":"2021-03-25T11:23:23","slug":"privacy-policy","status":"publish","type":"page","link":"https:\/\/jardinsdefalguiere.fr\/en\/privacy-policy\/","title":{"rendered":"Privacy Policy"},"content":{"rendered":"<p>[et_pb_section fb_built=&#8221;1&#8243; _builder_version=&#8221;4.9.0&#8243; _module_preset=&#8221;default&#8221; background_image=&#8221;https:\/\/jardinsdefalguiere.fr\/wp-content\/uploads\/2021\/03\/jardin-falguieres-.jpg&#8221; background_enable_video_mp4=&#8221;off&#8221; height=&#8221;50vh&#8221; height_tablet=&#8221;70vh&#8221; height_phone=&#8221;50vh&#8221; height_last_edited=&#8221;on|phone&#8221; scroll_scaling_enable=&#8221;on&#8221; scroll_scaling=&#8221;0|50|50|100|110%|105%|100&#8243; locked=&#8221;off&#8221;][et_pb_row _builder_version=&#8221;4.8.1&#8243; _module_preset=&#8221;default&#8221; width_tablet=&#8221;&#8221; width_phone=&#8221;100%&#8221; width_last_edited=&#8221;on|phone&#8221;][et_pb_column type=&#8221;4_4&#8243; _builder_version=&#8221;4.8.1&#8243; _module_preset=&#8221;default&#8221;][et_pb_text _builder_version=&#8221;4.9.0&#8243; _module_preset=&#8221;default&#8221; header_font=&#8221;Raleway||||||||&#8221; header_text_align=&#8221;center&#8221; header_text_color=&#8221;#FFFFFF&#8221; header_font_size=&#8221;35px&#8221; header_letter_spacing=&#8221;2px&#8221; header_2_font=&#8221;Great Vibes||||||||&#8221; header_2_text_align=&#8221;center&#8221; header_2_text_color=&#8221;#FFFFFF&#8221; header_2_font_size=&#8221;90px&#8221; header_2_line_height=&#8221;1.3em&#8221; custom_margin=&#8221;150px||||false|false&#8221; custom_margin_tablet=&#8221;80px||||false|false&#8221; custom_margin_phone=&#8221;30px||||false|false&#8221; custom_margin_last_edited=&#8221;on|phone&#8221; animation_style=&#8221;fade&#8221; animation_duration=&#8221;2500ms&#8221; header_font_size_tablet=&#8221;30px&#8221; header_font_size_phone=&#8221;20px&#8221; header_font_size_last_edited=&#8221;on|phone&#8221; header_line_height_tablet=&#8221;1.4em&#8221; header_line_height_phone=&#8221;1.5em&#8221; header_line_height_last_edited=&#8221;on|tablet&#8221; header_2_font_size_tablet=&#8221;70px&#8221; header_2_font_size_phone=&#8221;40px&#8221; header_2_font_size_last_edited=&#8221;on|phone&#8221;]<\/p>\n<h2>Les Jardins de Falgui\u00e8re<\/h2>\n<h1>Privacy Policy<\/h1>\n<p>[\/et_pb_text][\/et_pb_column][\/et_pb_row][\/et_pb_section][et_pb_section fb_built=&#8221;1&#8243; admin_label=&#8221;Section&#8221; _builder_version=&#8221;4.9.0&#8243; _module_preset=&#8221;default&#8221;][et_pb_row _builder_version=&#8221;4.9.0&#8243; _module_preset=&#8221;default&#8221;][et_pb_column type=&#8221;4_4&#8243; _builder_version=&#8221;4.9.0&#8243; _module_preset=&#8221;default&#8221;][et_pb_text admin_label=&#8221;Texte&#8221; _builder_version=&#8221;4.9.0&#8243; _module_preset=&#8221;default&#8221; text_text_color=&#8221;#000000&#8243; custom_margin=&#8221;-5px|||||&#8221;]<\/p>\n<h1><strong>Privacy Policy<\/strong><\/h1>\n<p>Privacy Policy<\/p>\n<p>Security and protection of personal data<\/p>\n<p>Definitions<\/p>\n<p>The Publisher: SARL Les Jardins de Falgui\u00e8re<\/p>\n<p>The Site: All the Internet pages and online services offered by the Publisher.<\/p>\n<p>The User: The person using the Site and the services.<\/p>\n<p>Nature of the data collected<\/p>\n<p>In the context of the use of the Sites, the Publisher may collect the following categories of data concerning its Users:<\/p>\n<p>Civil status, identity, identification data, email address, phone number etc &#8230; Connection data (IP addresses, click history, browsing history, event logs &#8230;)<\/p>\n<p>Communication of personal data to third parties<\/p>\n<p>Your data is not communicated to third parties. You are, however, informed that they may be disclosed by application of a law, regulation or by decision of a competent regulatory or judicial authority.<\/p>\n<p>Purpose of the reuse of personal data collected<\/p>\n<p>Carry out operations relating to customer management concerning<\/p>\n<p>contracts, invoices, accounting and in particular the management of customer accounts.<\/p>\n<p>Follow up on customer relations such as carrying out satisfaction surveys.<\/p>\n<p>Carry out operations relating to prospecting<\/p>\n<p>The management of technical prospecting operations (which notably includes technical operations such as standardization, enrichment and deduplication)<\/p>\n<p>The selection of people to carry out loyalty, prospecting, survey, product testing and promotion actions.<\/p>\n<p>(Unless the consent of the persons concerned is obtained under the conditions provided for in Article 6, these operations must not lead to the establishment of profiles likely to reveal sensitive data (racial or ethnic origins, philosophical, political, trade union, religious opinions). , sexual life or human health carrying out solicitation operations.)<\/p>\n<p>Develop trade statistics<\/p>\n<p>Manage requests for the right of access, rectification and opposition<\/p>\n<p>Collection of identity data<\/p>\n<p>Free consultation<\/p>\n<p>Consulting the Site does not require registration or prior identification. It can be done without you communicating any personal data concerning you (name, first name, address, etc.). We do not record any personal data for the simple consultation of the Site.<\/p>\n<p>.<\/p>\n<p>Cookies<\/p>\n<p>Retention period of cookies<\/p>\n<p>In accordance with the recommendations of the CNIL, the maximum retention period for cookies is a maximum of 6 months after their first deposit in the User&#8217;s terminal, as is the duration of the validity of the User&#8217;s consent to the use of these cookies. The lifespan of cookies is not extended on each visit. The User&#8217;s consent must therefore be renewed at the end of this period.<\/p>\n<p>Cookies purpose<\/p>\n<p>Cookies can be used for statistical purposes, in particular to optimize the services provided to the User, from the processing of information concerning the frequency of access, the personalization of pages as well as the operations carried out and the information consulted. You are informed that the Publisher may place cookies on your device. The cookie records information relating to navigation on the service (the pages you have visited, the date and time of the visit, etc.) that we can read during your subsequent visits.<\/p>\n<p>User right to refuse cookies, deactivation leading to degraded operation of the service<\/p>\n<p>You acknowledge having been informed that the Publisher may use cookies, and authorize it. If you do not want cookies to be used on your device, most browsers allow you to disable cookies through the settings options. However, you are informed that certain services may no longer function correctly.<\/p>\n<p>You can disable optional cookies by clicking on the &#8220;Cookies&#8221; button below and at the bottom of each page.<\/p>\n<p>[cookies_revoke]<\/p>\n<p>Modification of the privacy policy<\/p>\n<p>In the event of modification of the confidentiality policy, commitment not to lower the level of confidentiality substantially without prior information to the persons concerned<\/p>\n<p>We undertake to inform you in the event of a substantial modification of these T &amp; Cs, and not to lower the level of confidentiality of your data substantially without informing you and obtaining your consent.<\/p>\n<p>You expressly agree that any dispute that may arise as a result of these T &amp; Cs, in particular its interpretation or execution, will be subject to arbitration proceedings subject to the rules of the arbitration platform chosen by mutual agreement.<\/p>\n<p>[\/et_pb_text][\/et_pb_column][\/et_pb_row][\/et_pb_section]<\/p>\n","protected":false},"excerpt":{"rendered":"<p>Les Jardins de Falgui\u00e8re Privacy PolicyPrivacy Policy Privacy Policy Security and protection of personal data Definitions The Publisher: SARL Les Jardins de Falgui\u00e8re The Site: All the Internet pages and online services offered by the Publisher. The User: The person using the Site and the services. Nature of the data collected In the context of [&hellip;]<\/p>\n","protected":false},"author":1,"featured_media":0,"parent":0,"menu_order":0,"comment_status":"closed","ping_status":"closed","template":"","meta":{"_et_pb_use_builder":"on","_et_pb_old_content":"","_et_gb_content_width":"","iawp_total_views":17,"footnotes":""},"class_list":["post-1869","page","type-page","status-publish","hentry"],"yoast_head":"<!-- This site is optimized with the Yoast SEO plugin v25.5 - https:\/\/yoast.com\/wordpress\/plugins\/seo\/ -->\n<title>Privacy Policy - Les Jardins de Falgui\u00e8re | Maison d&#039;h\u00f4tes et G\u00eetes en C\u00e9vennes<\/title>\n<meta name=\"robots\" content=\"index, follow, max-snippet:-1, max-image-preview:large, max-video-preview:-1\" \/>\n<link rel=\"canonical\" href=\"https:\/\/jardinsdefalguiere.fr\/en\/privacy-policy\/\" \/>\n<meta property=\"og:locale\" content=\"en_US\" \/>\n<meta property=\"og:type\" content=\"article\" \/>\n<meta property=\"og:title\" content=\"Privacy Policy - Les Jardins de Falgui\u00e8re | Maison d&#039;h\u00f4tes et G\u00eetes en C\u00e9vennes\" \/>\n<meta property=\"og:description\" content=\"Les Jardins de Falgui\u00e8re Privacy PolicyPrivacy Policy Privacy Policy Security and protection of personal data Definitions The Publisher: SARL Les Jardins de Falgui\u00e8re The Site: All the Internet pages and online services offered by the Publisher. The User: The person using the Site and the services. Nature of the data collected In the context of [&hellip;]\" \/>\n<meta property=\"og:url\" content=\"https:\/\/jardinsdefalguiere.fr\/en\/privacy-policy\/\" \/>\n<meta property=\"og:site_name\" content=\"Les Jardins de Falgui\u00e8re | Maison d&#039;h\u00f4tes et G\u00eetes en C\u00e9vennes\" \/>\n<meta property=\"article:modified_time\" content=\"2021-03-25T11:23:23+00:00\" \/>\n<meta name=\"twitter:card\" content=\"summary_large_image\" \/>\n<meta name=\"twitter:label1\" content=\"Est. reading time\" \/>\n\t<meta name=\"twitter:data1\" content=\"5 minutes\" \/>\n<script type=\"application\/ld+json\" class=\"yoast-schema-graph\">{\"@context\":\"https:\/\/schema.org\",\"@graph\":[{\"@type\":\"WebPage\",\"@id\":\"https:\/\/jardinsdefalguiere.fr\/en\/privacy-policy\/\",\"url\":\"https:\/\/jardinsdefalguiere.fr\/en\/privacy-policy\/\",\"name\":\"Privacy Policy - Les Jardins de Falgui\u00e8re | Maison d&#039;h\u00f4tes et G\u00eetes en C\u00e9vennes\",\"isPartOf\":{\"@id\":\"https:\/\/jardinsdefalguiere.fr\/#website\"},\"datePublished\":\"2021-03-23T09:58:20+00:00\",\"dateModified\":\"2021-03-25T11:23:23+00:00\",\"breadcrumb\":{\"@id\":\"https:\/\/jardinsdefalguiere.fr\/en\/privacy-policy\/#breadcrumb\"},\"inLanguage\":\"en-US\",\"potentialAction\":[{\"@type\":\"ReadAction\",\"target\":[\"https:\/\/jardinsdefalguiere.fr\/en\/privacy-policy\/\"]}]},{\"@type\":\"BreadcrumbList\",\"@id\":\"https:\/\/jardinsdefalguiere.fr\/en\/privacy-policy\/#breadcrumb\",\"itemListElement\":[{\"@type\":\"ListItem\",\"position\":1,\"name\":\"Accueil\",\"item\":\"https:\/\/jardinsdefalguiere.fr\/en\/\"},{\"@type\":\"ListItem\",\"position\":2,\"name\":\"Privacy Policy\"}]},{\"@type\":\"WebSite\",\"@id\":\"https:\/\/jardinsdefalguiere.fr\/#website\",\"url\":\"https:\/\/jardinsdefalguiere.fr\/\",\"name\":\"Les Jardins de Falgui\u00e8re | Maison d&#039;h\u00f4tes et G\u00eetes en C\u00e9vennes\",\"description\":\"\",\"potentialAction\":[{\"@type\":\"SearchAction\",\"target\":{\"@type\":\"EntryPoint\",\"urlTemplate\":\"https:\/\/jardinsdefalguiere.fr\/?s={search_term_string}\"},\"query-input\":{\"@type\":\"PropertyValueSpecification\",\"valueRequired\":true,\"valueName\":\"search_term_string\"}}],\"inLanguage\":\"en-US\"}]}<\/script>\n<!-- \/ Yoast SEO plugin. -->","yoast_head_json":{"title":"Privacy Policy - Les Jardins de Falgui\u00e8re | Maison d&#039;h\u00f4tes et G\u00eetes en C\u00e9vennes","robots":{"index":"index","follow":"follow","max-snippet":"max-snippet:-1","max-image-preview":"max-image-preview:large","max-video-preview":"max-video-preview:-1"},"canonical":"https:\/\/jardinsdefalguiere.fr\/en\/privacy-policy\/","og_locale":"en_US","og_type":"article","og_title":"Privacy Policy - Les Jardins de Falgui\u00e8re | Maison d&#039;h\u00f4tes et G\u00eetes en C\u00e9vennes","og_description":"Les Jardins de Falgui\u00e8re Privacy PolicyPrivacy Policy Privacy Policy Security and protection of personal data Definitions The Publisher: SARL Les Jardins de Falgui\u00e8re The Site: All the Internet pages and online services offered by the Publisher. The User: The person using the Site and the services. Nature of the data collected In the context of [&hellip;]","og_url":"https:\/\/jardinsdefalguiere.fr\/en\/privacy-policy\/","og_site_name":"Les Jardins de Falgui\u00e8re | Maison d&#039;h\u00f4tes et G\u00eetes en C\u00e9vennes","article_modified_time":"2021-03-25T11:23:23+00:00","twitter_card":"summary_large_image","twitter_misc":{"Est. reading time":"5 minutes"},"schema":{"@context":"https:\/\/schema.org","@graph":[{"@type":"WebPage","@id":"https:\/\/jardinsdefalguiere.fr\/en\/privacy-policy\/","url":"https:\/\/jardinsdefalguiere.fr\/en\/privacy-policy\/","name":"Privacy Policy - Les Jardins de Falgui\u00e8re | Maison d&#039;h\u00f4tes et G\u00eetes en C\u00e9vennes","isPartOf":{"@id":"https:\/\/jardinsdefalguiere.fr\/#website"},"datePublished":"2021-03-23T09:58:20+00:00","dateModified":"2021-03-25T11:23:23+00:00","breadcrumb":{"@id":"https:\/\/jardinsdefalguiere.fr\/en\/privacy-policy\/#breadcrumb"},"inLanguage":"en-US","potentialAction":[{"@type":"ReadAction","target":["https:\/\/jardinsdefalguiere.fr\/en\/privacy-policy\/"]}]},{"@type":"BreadcrumbList","@id":"https:\/\/jardinsdefalguiere.fr\/en\/privacy-policy\/#breadcrumb","itemListElement":[{"@type":"ListItem","position":1,"name":"Accueil","item":"https:\/\/jardinsdefalguiere.fr\/en\/"},{"@type":"ListItem","position":2,"name":"Privacy Policy"}]},{"@type":"WebSite","@id":"https:\/\/jardinsdefalguiere.fr\/#website","url":"https:\/\/jardinsdefalguiere.fr\/","name":"Les Jardins de Falgui\u00e8re | Maison d&#039;h\u00f4tes et G\u00eetes en C\u00e9vennes","description":"","potentialAction":[{"@type":"SearchAction","target":{"@type":"EntryPoint","urlTemplate":"https:\/\/jardinsdefalguiere.fr\/?s={search_term_string}"},"query-input":{"@type":"PropertyValueSpecification","valueRequired":true,"valueName":"search_term_string"}}],"inLanguage":"en-US"}]}},"_links":{"self":[{"href":"https:\/\/jardinsdefalguiere.fr\/en\/wp-json\/wp\/v2\/pages\/1869","targetHints":{"allow":["GET"]}}],"collection":[{"href":"https:\/\/jardinsdefalguiere.fr\/en\/wp-json\/wp\/v2\/pages"}],"about":[{"href":"https:\/\/jardinsdefalguiere.fr\/en\/wp-json\/wp\/v2\/types\/page"}],"author":[{"embeddable":true,"href":"https:\/\/jardinsdefalguiere.fr\/en\/wp-json\/wp\/v2\/users\/1"}],"replies":[{"embeddable":true,"href":"https:\/\/jardinsdefalguiere.fr\/en\/wp-json\/wp\/v2\/comments?post=1869"}],"version-history":[{"count":0,"href":"https:\/\/jardinsdefalguiere.fr\/en\/wp-json\/wp\/v2\/pages\/1869\/revisions"}],"wp:attachment":[{"href":"https:\/\/jardinsdefalguiere.fr\/en\/wp-json\/wp\/v2\/media?parent=1869"}],"curies":[{"name":"wp","href":"https:\/\/api.w.org\/{rel}","templated":true}]}}